{"id":10,"date":"2015-05-25T08:48:02","date_gmt":"2015-05-25T08:48:02","guid":{"rendered":"http:\/\/dipar.rs\/?page_id=10"},"modified":"2015-07-14T13:39:46","modified_gmt":"2015-07-14T11:39:46","slug":"o-nama","status":"publish","type":"page","link":"https:\/\/dipar.rs\/index.php\/o-nama\/","title":{"rendered":"O nama"},"content":{"rendered":"<div    class=\"vc_row wpb_row section vc_row-fluid\" style=' text-align:left;'><div class=\" full_section_inner clearfix\">\n\t<div class=\"vc_col-sm-12 wpb_column vc_column_container\">\n\t\t<div class=\"wpb_wrapper\">\n\t\t\t\n\t<div class=\"wpb_text_column wpb_content_element \">\n\t\t<div class=\"wpb_wrapper\">\n\t\t\t<blockquote>\n<h2 style=\"text-align: center;\">Nekoliko re\u010di o nama<\/h2>\n<\/blockquote>\n\n\t\t<\/div> \n\t<\/div> <blockquote class=' with_quote_icon' style=''><i class='fa fa-quote-right pull-left' style=''><\/i><h5 class='blockquote-text' style=''>Preduze\u0107e DIPAR je osnovano 1992 godine i od samog po\u010detka se pojavljuje kao generalni zastupnik i distributer kompanija iz Nema\u010dke i Austrije. <\/h5><\/blockquote>\n\t<div class=\"wpb_text_column wpb_content_element \">\n\t\t<div class=\"wpb_wrapper\">\n\t\t\t<blockquote>\n<h2 style=\"text-align: center;\">\u010cime se bavimo?<\/h2>\n<\/blockquote>\n\n\t\t<\/div> \n\t<\/div> <blockquote class=' with_quote_icon' style=''><i class='fa fa-quote-right pull-left' style=''><\/i><h5 class='blockquote-text' style=''>Glavna orjentacija jeste plasman roba ino principala na na\u0161e tr\u017ei\u0161te koje se koriste u vodoprivredi,energetici, rudarstvu, gra\u0111evinarstvu kao i u ostalim granama privrede.<br \/>\nSpisak korisnika opreme na\u0161ih principala mo\u017eete videti u referenc listi.<\/h5><\/blockquote>\n\t<div class=\"wpb_text_column wpb_content_element \">\n\t\t<div class=\"wpb_wrapper\">\n\t\t\t<blockquote>\n<h2 style=\"text-align: center;\">\u0160ta nas \u010dini druga\u010dijim od drugih?<\/h2>\n<\/blockquote>\n\n\t\t<\/div> \n\t<\/div> <blockquote class=' with_quote_icon' style=''><i class='fa fa-quote-right pull-left' style=''><\/i><h5 class='blockquote-text' style=''>Na\u0161e iskustvo, tehni\u010dka opremljenost, obezbe\u0111en servis opreme kako u garantnom tako i vangarantnom roku u na\u0161oj sferi poslovanja omogu\u0107ava na\u0161im klijentima najkvalitetniju uslugu. <\/h5><\/blockquote>\n\t<div class=\"wpb_text_column wpb_content_element \">\n\t\t<div class=\"wpb_wrapper\">\n\t\t\t<blockquote>\n<h2 style=\"text-align: center;\">Proizvodimo<\/h2>\n<\/blockquote>\n\n\t\t<\/div> \n\t<\/div> <blockquote class=' with_quote_icon' style=''><i class='fa fa-quote-right pull-left' style=''><\/i><h5 class='blockquote-text' style=''>Privredno dru\u0161tvo DIPAR D.O.O. iz Beograda i privredno dru\u0161tvo COMPACT PROFESSIONAL D.O.O. iz Aran\u0111elovca ( www.compact.rs ) proizvode PVC bunarske filterske cevi sa kvarcnom oblogom i PVC bunarske filterske cevi oblo\u017eene PP sitom po tehnologiji i licenci firme GWE PUMPENBOESE SBF HAGUSTA iz Nema\u010dke.<\/h5><\/blockquote>\n\t<div class=\"wpb_text_column wpb_content_element \">\n\t\t<div class=\"wpb_wrapper\">\n\t\t\t<p style=\"text-align: center;\"><a href=\"http:\/\/dipar.rs\/wp-content\/uploads\/2015\/07\/DIPAR-CP-GWE_Katalog_BC_2014_v2.pdf\" target=\"_blank\"  class=\"qbutton \" style=\"\">Katalog<\/a><\/p>\n\n\t\t<\/div> \n\t<\/div> <div class=\"separator  transparent center  \" style=\"height: 10px;\"><\/div>\n<blockquote class=' with_quote_icon' style=''><i class='fa fa-quote-right pull-left' style=''><\/i><h5 class='blockquote-text' style=''>Proizvodi za izradu bunarske konstrukcije postavljaju najvi\u0161e standarde u pogledu kvaliteta i moraju se konstruisati tako da odgovaraju specijalnim zahtevima na polju izrade bunarske konstrukcije i da u isto vreme smanje tro\u0161kove izrade bunara. Karakteristike PVC materijala predstavljaju idealan preduslov za izradu bunarske konstrukcije.<br \/>\nPVC bunarske cevi su potpuno nekorodiraju\u0107e, jednostavne su za upotrebu i spajanje, a u isto vreme su male te\u017eine i pre svega dovoljno \u010dvrste.<br \/>\nNeograni\u010deni vek trajanja PVC materijala daje visok stepen u\u0161tede pri izradi bunarske konstrukcije.<br \/>\nKontrola kvaliteta, pri izradi jedne bunarske konstrukcije, po\u010dinje od kriterijuma izbora dobavlja\u010da repromaterijala i kori\u0161\u0107enih aditiva. Stoga je odabir dobavlja\u010da veoma rigorozan.<br \/>\nPosebno isti\u010demo va\u017enost ove teme jer neodgovaraju\u0107a koli\u010dina komponenata ili jedinjenja mo\u017ee da ne zadovolji postoje\u0107e standarde.<br \/>\nDokaz kvaliteta se nastavlja kroz ispitivanja karakteristika materijala kao \u0161to su: modul elasti\u010dnosti, \u010dvrsto\u0107a na udar po \u0160arpiju, gustina, zatezna \u010dvrsto\u0107a, otpornost na udar i ta\u010dka omek\u0161avanja po Vikatu.<\/h5><\/blockquote><div class=\"separator  transparent center  \" style=\"height: 30px;\"><\/div>\n<section    data-speed=\"1\" class=\"parallax_section_holder  \" style = \" height:px; background-image:url('');\"><div class=\"parallax_content center\"><div class='parallax_section_inner_margin clearfix'>\n\t<div class=\"vc_col-sm-12 wpb_column vc_column_container\">\n\t\t<div class=\"wpb_wrapper\">\n\t\t\t<div class=\"separator  transparent center  \" style=\"height: 30px;\"><\/div>\n\n\t\t<\/div> \n\t<\/div> \n\n\t<div class=\"vc_col-sm-12 wpb_column vc_column_container\">\n\t\t<div class=\"wpb_wrapper\">\n\t\t\t <div class=\"wpb_layerslider_element wpb_content_element\"><script data-cfasync=\"false\" type=\"text\/javascript\">var lsjQuery = jQuery;<\/script><script data-cfasync=\"false\" type=\"text\/javascript\"> lsjQuery(document).ready(function() { if(typeof lsjQuery.fn.layerSlider == \"undefined\") { lsShowNotice('layerslider_2','jquery'); } else { lsjQuery(\"#layerslider_2\").layerSlider({skin: 'carousel', skinsPath: 'https:\/\/dipar.rs\/wp-content\/plugins\/LayerSlider\/static\/skins\/'}) } }); <\/script><div id=\"layerslider_2\" class=\"ls-wp-container\" style=\"width:1663px;height:500px;max-width:1663px;margin:0 auto;margin-bottom: 0px;\"><div class=\"ls-slide\" data-ls=\"slidedelay:500;transition2d:1;\"><img src=\"https:\/\/dipar.rs\/wp-content\/plugins\/LayerSlider\/static\/img\/blank.gif\" data-src=\"https:\/\/dipar.rs\/wp-content\/uploads\/2015\/05\/partner_carusel1.jpg\" class=\"ls-bg\" alt=\"partner_carusel1\" \/><\/div><div class=\"ls-slide\" data-ls=\"slidedelay:500;transition2d:1;\"><img src=\"https:\/\/dipar.rs\/wp-content\/plugins\/LayerSlider\/static\/img\/blank.gif\" data-src=\"https:\/\/dipar.rs\/wp-content\/uploads\/2015\/05\/partner_carusel3.jpg\" class=\"ls-bg\" alt=\"partner_carusel3\" \/><\/div><div class=\"ls-slide\" data-ls=\"slidedelay:500;transition2d:1;\"><img src=\"https:\/\/dipar.rs\/wp-content\/plugins\/LayerSlider\/static\/img\/blank.gif\" data-src=\"https:\/\/dipar.rs\/wp-content\/uploads\/2015\/05\/partner_carusel4.jpg\" class=\"ls-bg\" alt=\"partner_carusel4\" \/><\/div><div class=\"ls-slide\" data-ls=\"slidedelay:500;transition2d:1;\"><img src=\"https:\/\/dipar.rs\/wp-content\/plugins\/LayerSlider\/static\/img\/blank.gif\" data-src=\"https:\/\/dipar.rs\/wp-content\/uploads\/2015\/06\/partner_carusel5f.jpg\" class=\"ls-bg\" alt=\"partner_carusel5f\" \/><\/div><\/div><\/div>\n\n\t\t<\/div> \n\t<\/div> \n<\/div><\/div><\/section><div class=\"vc_empty_space\"  style=\"height: 32px\" ><span class=\"vc_empty_space_inner\"><\/span><\/div>\n\n\n\t\t<\/div> \n\t<\/div> \n<\/div><\/div><div    class=\"vc_row wpb_row section vc_row-fluid\" style=' text-align:left;'><div class=\" full_section_inner clearfix\">\n\t<div class=\"vc_col-sm-12 wpb_column vc_column_container\">\n\t\t<div class=\"wpb_wrapper\">\n\t\t\t\n\t\t<\/div> \n\t<\/div> \n<\/div><\/div>\n","protected":false},"excerpt":{"rendered":"Nekoliko re\u010di o nama Preduze\u0107e DIPAR je osnovano 1992 godine i od samog po\u010detka se pojavljuje kao generalni zastupnik i distributer kompanija iz Nema\u010dke i Austrije. \u010cime se bavimo? Glavna orjentacija jeste plasman roba ino principala na na\u0161e tr\u017ei\u0161te koje se koriste u vodoprivredi,energetici, rudarstvu,...","protected":false},"author":1,"featured_media":0,"parent":0,"menu_order":0,"comment_status":"open","ping_status":"open","template":"","meta":[],"_links":{"self":[{"href":"https:\/\/dipar.rs\/index.php\/wp-json\/wp\/v2\/pages\/10"}],"collection":[{"href":"https:\/\/dipar.rs\/index.php\/wp-json\/wp\/v2\/pages"}],"about":[{"href":"https:\/\/dipar.rs\/index.php\/wp-json\/wp\/v2\/types\/page"}],"author":[{"embeddable":true,"href":"https:\/\/dipar.rs\/index.php\/wp-json\/wp\/v2\/users\/1"}],"replies":[{"embeddable":true,"href":"https:\/\/dipar.rs\/index.php\/wp-json\/wp\/v2\/comments?post=10"}],"version-history":[{"count":98,"href":"https:\/\/dipar.rs\/index.php\/wp-json\/wp\/v2\/pages\/10\/revisions"}],"predecessor-version":[{"id":756,"href":"https:\/\/dipar.rs\/index.php\/wp-json\/wp\/v2\/pages\/10\/revisions\/756"}],"wp:attachment":[{"href":"https:\/\/dipar.rs\/index.php\/wp-json\/wp\/v2\/media?parent=10"}],"curies":[{"name":"wp","href":"https:\/\/api.w.org\/{rel}","templated":true}]}}