{"id":16,"date":"2015-05-25T08:49:03","date_gmt":"2015-05-25T08:49:03","guid":{"rendered":"http:\/\/dipar.rs\/?page_id=16"},"modified":"2015-06-17T09:32:08","modified_gmt":"2015-06-17T07:32:08","slug":"kontakt","status":"publish","type":"page","link":"https:\/\/dipar.rs\/index.php\/kontakt\/","title":{"rendered":"Kontakt"},"content":{"rendered":"<div    class=\"vc_row wpb_row section vc_row-fluid\" style=' text-align:left;'><div class=\" full_section_inner clearfix\">\n\t<div class=\"vc_col-sm-6 wpb_column vc_column_container\">\n\t\t<div class=\"wpb_wrapper\">\n\t\t\t\n\t\t<\/div> \n\t<\/div> \n\n\t<div class=\"vc_col-sm-6 wpb_column vc_column_container\">\n\t\t<div class=\"wpb_wrapper\">\n\t\t\t<blockquote class=' with_quote_icon' style=''><i class='fa fa-quote-right pull-left' style=''><\/i><h5 class='blockquote-text' style=''>Za sva Va\u0161a pitanja, stojimo Vam na raspolaganju od 08:00 do 16:30 \u010dasova<\/h5><\/blockquote>\n\t\t<\/div> \n\t<\/div> \n<\/div><\/div><div    class=\"vc_row wpb_row section vc_row-fluid\" style=' text-align:left;'><div class=\" full_section_inner clearfix\">\n\t<div class=\"vc_col-sm-12 wpb_column vc_column_container\">\n\t\t<div class=\"wpb_wrapper\">\n\t\t\t<div class=\"vc_empty_space\"  style=\"height: 32px\" ><span class=\"vc_empty_space_inner\"><\/span><\/div>\n\n\n\t\t<\/div> \n\t<\/div> \n<\/div><\/div><div    class=\"vc_row wpb_row section vc_row-fluid\" style=' text-align:left;'><div class=\" full_section_inner clearfix\">\n\t<div class=\"vc_col-sm-12 wpb_column vc_column_container\">\n\t\t<div class=\"wpb_wrapper\">\n\t\t\t<div class=\"wpb_gmaps_widget wpb_content_element\">\n\t\t<div class=\"wpb_wrapper\">\n\t\t<div class=\"wpb_map_wraper\">\n\t\t\t<iframe src=\"https:\/\/www.google.com\/maps\/embed?pb=!1m18!1m12!1m3!1d2831.8582556726274!2d20.49255419999999!3d44.783695000000016!2m3!1f0!2f0!3f0!3m2!1i1024!2i768!4f13.1!3m3!1m2!1s0x475a708bdaf3788f%3A0x13df0591024ca3dd!2zMTI4INCj0YHRgtCw0L3QuNGH0LrQsCwg0KLRgNC20L3QuCDRhtC10L3RgtCw0YAg0JrQvtGI0YPQvCwgQmVvZ3JhZA!5e0!3m2!1ssr!2srs!4v1432553339940\" width=\"800\" height=\"450\" frameborder=\"0\" style=\"border:0\"><\/iframe>\t\t<\/div>\n\t<\/div><\/div>\n\t\t<\/div> \n\t<\/div> \n<\/div><\/div><div    class=\"vc_row wpb_row section vc_row-fluid\" style=' text-align:left;'><div class=\" full_section_inner clearfix\">\n\t<div class=\"vc_col-sm-12 wpb_column vc_column_container\">\n\t\t<div class=\"wpb_wrapper\">\n\t\t\t<div class=\"vc_empty_space\"  style=\"height: 32px\" ><span class=\"vc_empty_space_inner\"><\/span><\/div>\n\n\n\t\t<\/div> \n\t<\/div> \n<\/div><\/div><div    class=\"vc_row wpb_row section vc_row-fluid\" style=' text-align:left;'><div class=\" full_section_inner clearfix\">\n\t<div class=\"vc_col-sm-3 wpb_column vc_column_container\">\n\t\t<div class=\"wpb_wrapper\">\n\t\t\t<div class=\"vc_empty_space\"  style=\"height: 13px\" ><span class=\"vc_empty_space_inner\"><\/span><\/div>\n\n<div class=\"q_icon_list\"><i class=\"fa fa-compass pull-left circle \" style=\"\"><\/i><p style=\"\">Adresa: Ustani\u010dka 128a \/IV<\/p><\/div><div class=\"q_icon_list\"><i class=\"fa fa-phone pull-left circle \" style=\"\"><\/i><p style=\"\">Telefon: +381 (0)11 288 05 62<\/p><\/div><div class=\"q_icon_list\"><i class=\"fa fa-fax pull-left circle \" style=\"\"><\/i><p style=\"\">Fax: +381 (0)11 347 13 37<\/p><\/div><div class=\"q_icon_list\"><i class=\"fa fa-envelope pull-left circle \" style=\"\"><\/i><p style=\"\">E - mail: office@dipar.rs<\/p><\/div><div class=\"q_icon_list\"><i class=\"fa fa-clock-o pull-left circle \" style=\"\"><\/i><p style=\"\">Radno vreme: 08h do 16:30h<\/p><\/div><div class=\"vc_empty_space\"  style=\"height: 30px\" ><span class=\"vc_empty_space_inner\"><\/span><\/div>\n\n\n\t\t<\/div> \n\t<\/div> \n\n\t<div class=\"vc_col-sm-9 wpb_column vc_column_container\">\n\t\t<div class=\"wpb_wrapper\">\n\t\t\t\n\t<div class=\"q_accordion_holder clearfix wpb_content_element toggle boxed  not-column-inherit\" data-active-tab=\"\" data-collapsible=\"no\" data-border-radius=\"\">\n\t\t\t\n\t\t\t\t<h5 class=\"clearfix title-holder\" style=\"\"><span class=\"accordion_mark left_mark\"><span class=\"accordion_mark_icon\"><\/span><\/span><span class=\"tab-title\">Podaci za identifikaciju<\/span><span class=\"accordion_mark right_mark\"><span class=\"accordion_mark_icon\"><\/span><\/span><\/h5>\n\t\t\t\t<div class=\"accordion_content no_icon\">\n\t\t\t<div class=\"accordion_content_inner\">\n\t\t\t\t\n\t<div class=\"wpb_text_column wpb_content_element \">\n\t\t<div class=\"wpb_wrapper\">\n\t\t\t<p>1. Poreski identifikacioni broj (PIB): <strong>100133565<\/strong><\/p>\n<p>2. Mati\u010dni broj lica (pravna lica, radnje): <strong>6309917<\/strong><\/p>\n<p>3. Naziv firme: <strong>&#8221; DIPAR &#8221; d.o.o.<\/strong><\/p>\n<p>4. Ime i prezime ovla\u0161\u0107enog lica: <strong>Aleksandar Stojkovi\u0107<\/strong><\/p>\n<p>5. Podaci o sedi\u0161tu: <strong>Republika Srbija, Beograd<\/strong><\/p>\n<p>6. Op\u0161tina: <strong>Vo\u017edovac<\/strong><\/p>\n<p>7. Mesto: <strong>Beograd<\/strong><\/p>\n<p>8. Naziv ulice i broj: <strong>Ustani\u010dka 128a\/IV<\/strong><\/p>\n<p>9. Broj telefona: <strong>+381 (0)11 347 32 44; 288 03 93; 288 05 62<\/strong><\/p>\n<p>10. Broj faksa: <strong>+381 (0)11<\/strong><strong>\u00a0347 13 37<\/strong><\/p>\n<p>11. E-mail: <strong>office@dipar.rs<\/strong><\/p>\n<p>12. Kupac &#8211; dobavlja\u010d: <strong>kupac i dobavlja\u010d<\/strong><\/p>\n<p>13. Obveznik PDV-a: <strong>DA<\/strong><\/p>\n<p>14. Broj potvrde o izvr\u0161enom evidentiranju za PDV: <strong>129019508<\/strong><\/p>\n\n\t\t<\/div> \n\t<\/div> \n\t\t\t<\/div>\n\t\t\t\t<\/div>\n\n\t\t\t\t<h5 class=\"clearfix title-holder\" style=\"\"><span class=\"accordion_mark left_mark\"><span class=\"accordion_mark_icon\"><\/span><\/span><span class=\"tab-title\">Podaci o delatnosti<\/span><span class=\"accordion_mark right_mark\"><span class=\"accordion_mark_icon\"><\/span><\/span><\/h5>\n\t\t\t\t<div class=\"accordion_content no_icon\">\n\t\t\t<div class=\"accordion_content_inner\">\n\t\t\t\t\n\t<div class=\"wpb_text_column wpb_content_element \">\n\t\t<div class=\"wpb_wrapper\">\n\t\t\t<p>Naziv firme: <strong>&#8221; DIPAR &#8221; d.o.o.<\/strong><\/p>\n<p>\u0160ifra delatnosti: <strong>4619<\/strong><\/p>\n\n\t\t<\/div> \n\t<\/div> \n\t\t\t<\/div>\n\t\t\t\t<\/div>\n\n\t\t\t\t<h5 class=\"clearfix title-holder\" style=\"\"><span class=\"accordion_mark left_mark\"><span class=\"accordion_mark_icon\"><\/span><\/span><span class=\"tab-title\">Podaci o ra\u010dunu i banci<\/span><span class=\"accordion_mark right_mark\"><span class=\"accordion_mark_icon\"><\/span><\/span><\/h5>\n\t\t\t\t<div class=\"accordion_content no_icon\">\n\t\t\t<div class=\"accordion_content_inner\">\n\t\t\t\t\n\t<div class=\"wpb_text_column wpb_content_element \">\n\t\t<div class=\"wpb_wrapper\">\n\t\t\t<p>1.Naziv banke: <strong>&#8221; PIRAEUS BANKA&#8221; A.D.<\/strong><br \/>\nMesto: <strong>Beograd<\/strong><br \/>\nBroj teku\u0107eg ra\u010duna: <strong>125-1722504-68<\/strong><\/p>\n<p>&nbsp;<\/p>\n<p>2.Naziv banke: <strong>&#8221; SBERBANK SRBIJA\u00a0&#8221; A.D.<\/strong><br \/>\nMesto: <strong>Beograd<\/strong><br \/>\nBroj teku\u0107eg ra\u010duna: <strong>285-2291000000568-13<\/strong><\/p>\n<p>&nbsp;<\/p>\n<p>3.Naziv banke: <strong>&#8221; SOCIETE GENERALE BANKA SRBIJA &#8221; A.D.<\/strong><br \/>\nMesto: <strong>Beograd<\/strong><br \/>\nBroj teku\u0107eg ra\u010duna:\u00a0<strong>275-10222118277-47<\/strong><\/p>\n<p>&nbsp;<\/p>\n<p>4.Naziv banke: <strong>&#8221; UNICREDIT BANK &#8221; A.D.<\/strong><br \/>\nMesto: <strong>Beograd<\/strong><br \/>\nBroj teku\u0107eg ra\u010duna: <strong>170-30014038000-63<\/strong><\/p>\n\n\t\t<\/div> \n\t<\/div> \n\t\t\t<\/div>\n\t\t\t\t<\/div>\n\n\t\t\t\t<h5 class=\"clearfix title-holder\" style=\"\"><span class=\"accordion_mark left_mark\"><span class=\"accordion_mark_icon\"><\/span><\/span><span class=\"tab-title\">Pitajte nas<\/span><span class=\"accordion_mark right_mark\"><span class=\"accordion_mark_icon\"><\/span><\/span><\/h5>\n\t\t\t\t<div class=\"accordion_content no_icon\">\n\t\t\t<div class=\"accordion_content_inner\">\n\t\t\t\t<div role=\"form\" class=\"wpcf7\" id=\"wpcf7-f124-o1\" lang=\"en-US\" dir=\"ltr\">\n<div class=\"screen-reader-response\"><p role=\"status\" aria-live=\"polite\" aria-atomic=\"true\"><\/p> <ul><\/ul><\/div>\n<form action=\"\/index.php\/wp-json\/wp\/v2\/pages\/16#wpcf7-f124-o1\" method=\"post\" class=\"wpcf7-form init default\" novalidate=\"novalidate\" data-status=\"init\">\n<div style=\"display: none;\">\n<input type=\"hidden\" name=\"_wpcf7\" value=\"124\" \/>\n<input type=\"hidden\" name=\"_wpcf7_version\" value=\"5.5.3\" \/>\n<input type=\"hidden\" name=\"_wpcf7_locale\" value=\"en_US\" \/>\n<input type=\"hidden\" name=\"_wpcf7_unit_tag\" value=\"wpcf7-f124-o1\" \/>\n<input type=\"hidden\" name=\"_wpcf7_container_post\" value=\"0\" \/>\n<input type=\"hidden\" name=\"_wpcf7_posted_data_hash\" value=\"\" \/>\n<\/div>\n<p>Va\u0161e Ime i Prezime (obavezno)<br \/>\n    <span class=\"wpcf7-form-control-wrap your-name\"><input type=\"text\" name=\"your-name\" value=\"\" size=\"40\" class=\"wpcf7-form-control wpcf7-text wpcf7-validates-as-required\" aria-required=\"true\" aria-invalid=\"false\" \/><\/span> <\/p>\n<p>Va\u0161 e - mail (obavezno)<br \/>\n    <span class=\"wpcf7-form-control-wrap your-email\"><input type=\"email\" name=\"your-email\" value=\"\" size=\"40\" class=\"wpcf7-form-control wpcf7-text wpcf7-email wpcf7-validates-as-required wpcf7-validates-as-email\" aria-required=\"true\" aria-invalid=\"false\" \/><\/span> <\/p>\n<p>Naslov<br \/>\n    <span class=\"wpcf7-form-control-wrap your-subject\"><input type=\"text\" name=\"your-subject\" value=\"\" size=\"40\" class=\"wpcf7-form-control wpcf7-text\" aria-invalid=\"false\" \/><\/span> <\/p>\n<p>Va\u0161a poruka<br \/>\n    <span class=\"wpcf7-form-control-wrap your-message\"><textarea name=\"your-message\" cols=\"40\" rows=\"10\" class=\"wpcf7-form-control wpcf7-textarea\" aria-invalid=\"false\"><\/textarea><\/span> <\/p>\n<p><input type=\"submit\" value=\"Po\u0161alji\" class=\"wpcf7-form-control has-spinner wpcf7-submit\" \/><\/p>\n<div class=\"wpcf7-response-output\" aria-hidden=\"true\"><\/div><\/form><\/div>\n\t\t\t<\/div>\n\t\t\t\t<\/div>\n\n\t\t\t\t<h5 class=\"clearfix title-holder\" style=\"\"><span class=\"accordion_mark left_mark\"><span class=\"accordion_mark_icon\"><\/span><\/span><span class=\"tab-title\">Ostali telefoni<\/span><span class=\"accordion_mark right_mark\"><span class=\"accordion_mark_icon\"><\/span><\/span><\/h5>\n\t\t\t\t<div class=\"accordion_content no_icon\">\n\t\t\t<div class=\"accordion_content_inner\">\n\t\t\t\t<div    class=\"vc_row wpb_row section vc_inner vc_row-fluid\" style=' text-align:left;'><div class=\" full_section_inner clearfix\">\n\t<div class=\"vc_col-sm-6 wpb_column vc_column_container\">\n\t\t<div class=\"wpb_wrapper\">\n\t\t\t<div class=\"q_icon_list\"><i class=\"fa fa-phone pull-left circle \" style=\"\"><\/i><p style=\"\">Telefon 2: +381 (0)11 347 32 44<\/p><\/div>\n\t\t<\/div> \n\t<\/div> \n\n\t<div class=\"vc_col-sm-6 wpb_column vc_column_container\">\n\t\t<div class=\"wpb_wrapper\">\n\t\t\t<div class=\"q_icon_list\"><i class=\"fa fa-phone pull-left circle \" style=\"\"><\/i><p style=\"\">Telefon 3: +381 (0)11 288 03 93<\/p><\/div>\n\t\t<\/div> \n\t<\/div> \n<\/div><\/div>\n\t\t\t<\/div>\n\t\t\t\t<\/div>\n\n\t<\/div> \n\t\t<\/div> \n\t<\/div> \n<\/div><\/div>\n","protected":false},"excerpt":{"rendered":"Za sva Va\u0161a pitanja, stojimo Vam na raspolaganju od 08:00 do 16:30 \u010dasova Adresa: Ustani\u010dka 128a \/IVTelefon: +381 (0)11 288 05 62Fax: +381 (0)11 347 13 37E - mail: office@dipar.rsRadno vreme: 08h do 16:30h Podaci za identifikaciju 1. Poreski identifikacioni broj (PIB): 100133565 2. Mati\u010dni...","protected":false},"author":1,"featured_media":0,"parent":0,"menu_order":0,"comment_status":"open","ping_status":"open","template":"","meta":[],"_links":{"self":[{"href":"https:\/\/dipar.rs\/index.php\/wp-json\/wp\/v2\/pages\/16"}],"collection":[{"href":"https:\/\/dipar.rs\/index.php\/wp-json\/wp\/v2\/pages"}],"about":[{"href":"https:\/\/dipar.rs\/index.php\/wp-json\/wp\/v2\/types\/page"}],"author":[{"embeddable":true,"href":"https:\/\/dipar.rs\/index.php\/wp-json\/wp\/v2\/users\/1"}],"replies":[{"embeddable":true,"href":"https:\/\/dipar.rs\/index.php\/wp-json\/wp\/v2\/comments?post=16"}],"version-history":[{"count":58,"href":"https:\/\/dipar.rs\/index.php\/wp-json\/wp\/v2\/pages\/16\/revisions"}],"predecessor-version":[{"id":587,"href":"https:\/\/dipar.rs\/index.php\/wp-json\/wp\/v2\/pages\/16\/revisions\/587"}],"wp:attachment":[{"href":"https:\/\/dipar.rs\/index.php\/wp-json\/wp\/v2\/media?parent=16"}],"curies":[{"name":"wp","href":"https:\/\/api.w.org\/{rel}","templated":true}]}}