{"id":550,"date":"2015-06-15T10:23:37","date_gmt":"2015-06-15T08:23:37","guid":{"rendered":"http:\/\/dipar.rs\/?page_id=550"},"modified":"2026-02-26T10:15:53","modified_gmt":"2026-02-26T08:15:53","slug":"zastupnicki-program","status":"publish","type":"page","link":"https:\/\/dipar.rs\/index.php\/zastupnicki-program\/","title":{"rendered":"Zastupni\u010dki program"},"content":{"rendered":"<p><img loading=\"lazy\" src=\"https:\/\/dipar.rs\/wp-content\/uploads\/2015\/05\/saw300x150.png\" width=\"150\" height=\"75px\" \/><\/p>\n<p>Zvani\u010dni sajt: <a href=\"https:\/\/sew-eurodrive.com\">sew-eurodrive.com<\/a><\/p>\n<p>Ukoliko \u017eelite da budete uspe\u0161ni potrebno je znati zahteve klijenata i procese u proizvodnji.<br \/>\nIz tog razloga SEW EURODRIVE uvek gleda unapred proces proizvodnje kako bi prona\u0161ao savr\u0161eno re\u0161enje za Vas.<br \/>\nKonstantnim usavr\u0161avanjem i kontaktima sa klijentima uveli smo trendove i standarde u projektovanju i izboru pogonskih grupa u svim oblastima industrijske proizvodnje.<br \/>\nNa ovaj na\u010din \u201c projektovano i proizvedeno od SEW-a \u201c je postao za\u0161titni znak u svetu izbora pogonskih grupa.<\/p>\n<p><a href=\"http:\/\/dipar.rs\/wp-content\/uploads\/2017\/01\/upitnik-za-motor-2017e.pdf\">UPITNIK ZA MOTOR REDUKTOR<\/a><br \/>\n<a href=\"http:\/\/dipar.rs\/wp-content\/uploads\/2015\/06\/SEW-oznake-i-kodovi-na-srpskom.pdf\">SEW OZNAKE I KODOVI NA SRPSKOM<\/a><br \/>\n<a href=\"https:\/\/dipar.rs\/wp-content\/uploads\/2026\/02\/33091269.pdf\">UPUTSTVO ZA EL. MOTORE DR. SEW EURODRIVE<\/a><br \/>\n<a href=\"https:\/\/dipar.rs\/wp-content\/uploads\/2026\/02\/31988911.pdf\">UPUTSTVO ZA REDUKTORE SEW EURODRIVE<\/a><\/p>\n<p><img loading=\"lazy\" src=\"http:\/\/dipar.rs\/wp-content\/uploads\/2015\/05\/prakla300x150.png\" width=\"150\" height=\"75px\" \/><br \/>\nZvani\u010dni sajt: <a href=\"https:\/\/prakla-bohrtechnik.de\/de\/\">prakla-bohrtechnik.de<\/a><\/p>\n<p><a href=\"http:\/\/dipar.rs\/wp-content\/uploads\/2015\/06\/PRAKLA_Metode_Busenja.pdf\">PRAKLA \u2013 Metode Bu\u0161enja<\/a><br \/>\n<a href=\"http:\/\/www.prakla-bohrtechnik.de\/en\/drilling_methods\/\">Pogledajte metode bu\u0161enja<\/a><\/p>\n<p><img loading=\"lazy\" src=\"http:\/\/dipar.rs\/wp-content\/uploads\/2015\/05\/gwe300x150.png\" width=\"150\" height=\"75px\" \/><br \/>\nZvani\u010dni sajt: <a href=\"http:\/\/www.gwe-gruppe.de\">gwe-gruppe.de<\/a><\/p>\n<p><a href=\"http:\/\/dipar.rs\/wp-content\/uploads\/2015\/07\/GWE_Image_en_ge.pdf\">GWE \u2013 prospekt<\/a><br \/>\n<a href=\"http:\/\/dipar.rs\/wp-content\/uploads\/2015\/07\/HAGULIT_Datenblatt_EN_Ansicht.pdf\">GWE \u2013 prospekt<\/a><br \/>\n<a href=\"http:\/\/dipar.rs\/wp-content\/uploads\/2015\/07\/DIPAR-CP-GWE_Katalog_BC_2014_v2.pdf\">DIPAR-CP-GWE \u2013 katalog<\/a><\/p>\n<p><img loading=\"lazy\" src=\"http:\/\/dipar.rs\/wp-content\/uploads\/2015\/05\/foralith300x150.png\" width=\"150\" height=\"75px\" \/><br \/>\nZvani\u010dni sajt: <a href=\"http:\/\/www.foralith.ch\">foralith.ch<\/a><\/p>\n<p>Na\u0161e iskustvo, kao i tehni\u010dka opremljenost u na\u0161oj sferi poslovanja, omogu\u0107ava na\u0161im klijentima najkvalitetniju uslugu.<\/p>\n","protected":false},"excerpt":{"rendered":"<p>Zvani\u010dni sajt: sew-eurodrive.com Ukoliko \u017eelite da budete uspe\u0161ni potrebno je znati zahteve klijenata i procese u proizvodnji. Iz tog razloga SEW EURODRIVE uvek gleda unapred proces proizvodnje kako bi prona\u0161ao savr\u0161eno re\u0161enje za Vas. Konstantnim usavr\u0161avanjem i kontaktima sa klijentima uveli smo trendove i standarde&#8230;<\/p>\n","protected":false},"author":1,"featured_media":0,"parent":0,"menu_order":0,"comment_status":"closed","ping_status":"closed","template":"","meta":[],"_links":{"self":[{"href":"https:\/\/dipar.rs\/index.php\/wp-json\/wp\/v2\/pages\/550"}],"collection":[{"href":"https:\/\/dipar.rs\/index.php\/wp-json\/wp\/v2\/pages"}],"about":[{"href":"https:\/\/dipar.rs\/index.php\/wp-json\/wp\/v2\/types\/page"}],"author":[{"embeddable":true,"href":"https:\/\/dipar.rs\/index.php\/wp-json\/wp\/v2\/users\/1"}],"replies":[{"embeddable":true,"href":"https:\/\/dipar.rs\/index.php\/wp-json\/wp\/v2\/comments?post=550"}],"version-history":[{"count":43,"href":"https:\/\/dipar.rs\/index.php\/wp-json\/wp\/v2\/pages\/550\/revisions"}],"predecessor-version":[{"id":918,"href":"https:\/\/dipar.rs\/index.php\/wp-json\/wp\/v2\/pages\/550\/revisions\/918"}],"wp:attachment":[{"href":"https:\/\/dipar.rs\/index.php\/wp-json\/wp\/v2\/media?parent=550"}],"curies":[{"name":"wp","href":"https:\/\/api.w.org\/{rel}","templated":true}]}}