{"id":808,"date":"2019-09-15T00:08:21","date_gmt":"2019-09-14T22:08:21","guid":{"rendered":"http:\/\/dipar.rs\/?page_id=808"},"modified":"2019-09-16T07:36:31","modified_gmt":"2019-09-16T05:36:31","slug":"radno-mesto","status":"publish","type":"page","link":"https:\/\/dipar.rs\/index.php\/radno-mesto\/","title":{"rendered":"Radno mesto"},"content":{"rendered":"<div    class=\"vc_row wpb_row section vc_row-fluid\" style=' text-align:left;'><div class=\" full_section_inner clearfix\">\n\t<div class=\"vc_col-sm-12 wpb_column vc_column_container\">\n\t\t<div class=\"wpb_wrapper\">\n\t\t\t<div    class=\"vc_row wpb_row section vc_inner vc_row-fluid\" style=' text-align:left;'><div class=\" full_section_inner clearfix\">\n\t<div class=\"vc_col-sm-12 wpb_column vc_column_container\">\n\t\t<div class=\"wpb_wrapper\">\n\t\t\t<div class=\"vc_empty_space\"  style=\"height: 32px\" ><span class=\"vc_empty_space_inner\"><\/span><\/div>\n\n\n\t<div class=\"wpb_text_column wpb_content_element \">\n\t\t<div class=\"wpb_wrapper\">\n\t\t\t<h2 style=\"text-align: center;\">Radno mesto<\/h2>\n\n\t\t<\/div> \n\t<\/div> <div class=\"vc_empty_space\"  style=\"height: 32px\" ><span class=\"vc_empty_space_inner\"><\/span><\/div>\n\n\n\t\t<\/div> \n\t<\/div> \n<\/div><\/div><div class='latest_post_holder boxes two_columns'><ul><li class=\"clearfix\"><div class=\"boxes_image\"><a href=\"https:\/\/dipar.rs\/index.php\/2019\/08\/13\/inzenjer-prodaje-bunarskih-cevi-rudarsko-geoloske-i-gradevinske-opreme\/\"><\/a><\/div><div class=\"latest_post\"><div class=\"latest_post_text\"><div class=\"latest_post_inner\"><div class=\"latest_post_text_inner\"><h5 class=\"latest_post_title \"><a href=\"https:\/\/dipar.rs\/index.php\/2019\/08\/13\/inzenjer-prodaje-bunarskih-cevi-rudarsko-geoloske-i-gradevinske-opreme\/\">In\u017eenjer prodaje bunarskih cevi, rudarsko-geolo\u0161ke i gra\u0111evinske opreme<\/a><\/h5><p class=\"excerpt\">Firma \u201cDIPAR\u201d d.o.o. Beograd, Ustani\u010dka 128a\/IV, bavi se uvozom i prodajom roba koje se koriste u vodoprivredi, energetici, rudarstvu, gra\u0111evinarstvu kao i ostalim granama privrede. Vi\u0161e inform...<\/p><span class=\"post_infos\"><\/span><\/div><\/div><\/div><\/div><li class=\"clearfix\"><div class=\"boxes_image\"><a href=\"https:\/\/dipar.rs\/index.php\/2019\/08\/13\/inzenjer-prodaje-pogonske-opreme-kompanije-sew-eurodrive\/\"><\/a><\/div><div class=\"latest_post\"><div class=\"latest_post_text\"><div class=\"latest_post_inner\"><div class=\"latest_post_text_inner\"><h5 class=\"latest_post_title \"><a href=\"https:\/\/dipar.rs\/index.php\/2019\/08\/13\/inzenjer-prodaje-pogonske-opreme-kompanije-sew-eurodrive\/\">In\u017eenjer prodaje pogonske opreme kompanije SEW-Eurodrive<\/a><\/h5><p class=\"excerpt\">Firma \u201cDIPAR\u201d d.o.o. Beograd, Ustani\u010dka 128a\/IV, bavi se uvozom i prodajom roba koje se koriste u vodoprivredi, energetici, rudarstvu, gra\u0111evinarstvu kao i ostalim granama privrede. Vi\u0161e inform...<\/p><span class=\"post_infos\"><\/span><\/div><\/div><\/div><\/div><\/ul><\/div>\n\t\t<\/div> \n\t<\/div> \n<\/div><\/div>\n","protected":false},"excerpt":{"rendered":"Firma \u201cDIPAR\u201d d.o.o. Beograd, Ustani\u010dka 128a\/IV, bavi se uvozom i prodajom roba koje se koriste u vodoprivredi, energetici, rudarstvu, gra\u0111evinarstvu kao i ostalim granama privrede. Vi\u0161e informacija o nama mo\u017eete prona\u0107i na web stranici www.dipar.rs Potreban nam je : In\u017eenjer prodaje pogonske opreme kompanije SEW-Eurodrive...","protected":false},"author":1,"featured_media":0,"parent":0,"menu_order":0,"comment_status":"closed","ping_status":"closed","template":"","meta":[],"_links":{"self":[{"href":"https:\/\/dipar.rs\/index.php\/wp-json\/wp\/v2\/pages\/808"}],"collection":[{"href":"https:\/\/dipar.rs\/index.php\/wp-json\/wp\/v2\/pages"}],"about":[{"href":"https:\/\/dipar.rs\/index.php\/wp-json\/wp\/v2\/types\/page"}],"author":[{"embeddable":true,"href":"https:\/\/dipar.rs\/index.php\/wp-json\/wp\/v2\/users\/1"}],"replies":[{"embeddable":true,"href":"https:\/\/dipar.rs\/index.php\/wp-json\/wp\/v2\/comments?post=808"}],"version-history":[{"count":6,"href":"https:\/\/dipar.rs\/index.php\/wp-json\/wp\/v2\/pages\/808\/revisions"}],"predecessor-version":[{"id":817,"href":"https:\/\/dipar.rs\/index.php\/wp-json\/wp\/v2\/pages\/808\/revisions\/817"}],"wp:attachment":[{"href":"https:\/\/dipar.rs\/index.php\/wp-json\/wp\/v2\/media?parent=808"}],"curies":[{"name":"wp","href":"https:\/\/api.w.org\/{rel}","templated":true}]}}